{"id":51,"date":"2016-11-20T17:51:21","date_gmt":"2016-11-20T16:51:21","guid":{"rendered":"http:\/\/www.ordredesmusiciens.com\/?page_id=51"},"modified":"2016-11-20T17:51:21","modified_gmt":"2016-11-20T16:51:21","slug":"statuts","status":"publish","type":"page","link":"https:\/\/www.ordredesmusiciens.com\/?page_id=51","title":{"rendered":"Statuts"},"content":{"rendered":"<div class=\"post-content\">\n<p>Extrait des statuts<\/p>\n<p><strong>Article 3\u00a0: BUT DE L&rsquo;ASSOCIATION<\/strong><br \/>\nL&rsquo;Association a pour but:<\/p>\n<p>1\u00b0) De servir de lien artistique entre tous les membres de l&rsquo;O.d.M.<\/p>\n<p>2\u00b0) De R\u00e9aliser l&rsquo;union de tous les praticiens reconnus pour leur comp\u00e9tence.<\/p>\n<p>3\u00b0) D&rsquo;am\u00e9liorer les professions musicales en les enrichissant au sens culturel dans toutes les disciplines.<\/p>\n<p>4\u00b0) D&rsquo;assurer la d\u00e9fense du patrimoine p\u00e9dagogique et artistique.<\/p>\n<p>5\u00b0) De promouvoir une r\u00e9flexion permanente sur la pratique musicale et sur les modalit\u00e9s d&rsquo;exercice de la profession.<\/p>\n<p>6\u00b0) De pr\u00eater son concours \u00e0 toutes actions susceptibles de favoriser la r\u00e9alisation des objectifs de l&rsquo;Association.<br \/>\n<strong>Article 7: CONDITIONS D&rsquo;ADMISSION<\/strong><br \/>\nSeuls peuvent \u00eatre admis en qualit\u00e9 de \u00ab\u00a0membre titulaire\u00a0\u00bb, les postulants dont les r\u00e9f\u00e9rences dipl\u00f4mantes, la situation statutaire ou l&rsquo;activit\u00e9 attestent le professionnalisme:<\/p>\n<p>&#8211; Les compositeurs, chefs d&rsquo;orchestre, chefs de choeur, chanteurs, solistes lyrique ou instrumentaux, musiciens d&rsquo;orchestres civils ou militaires, musicologues, danseurs.<\/p>\n<p>&#8211; Les directeurs et professeurs des \u00e9tablissements d&rsquo;enseignement artistique.<\/p>\n<p>&#8211; Les professeurs ind\u00e9pendants dont les r\u00e9f\u00e9rences sont en conformit\u00e9 avec l&rsquo;exercice de la profession.<\/p>\n<p>Pour les autres postulants, l&rsquo;admission est prononc\u00e9e sur pr\u00e9sentation d&rsquo;un dossier \u00e0 la commission ad hoc.<\/p>\n<\/div>\n","protected":false},"excerpt":{"rendered":"<p>Extrait des statuts Article 3\u00a0: BUT DE L&rsquo;ASSOCIATION L&rsquo;Association a pour but: 1\u00b0) De servir de lien artistique entre tous<\/p>\n","protected":false},"author":1,"featured_media":0,"parent":0,"menu_order":0,"comment_status":"closed","ping_status":"closed","template":"","meta":{"footnotes":""},"class_list":["post-51","page","type-page","status-publish","hentry"],"_links":{"self":[{"href":"https:\/\/www.ordredesmusiciens.com\/index.php?rest_route=\/wp\/v2\/pages\/51","targetHints":{"allow":["GET"]}}],"collection":[{"href":"https:\/\/www.ordredesmusiciens.com\/index.php?rest_route=\/wp\/v2\/pages"}],"about":[{"href":"https:\/\/www.ordredesmusiciens.com\/index.php?rest_route=\/wp\/v2\/types\/page"}],"author":[{"embeddable":true,"href":"https:\/\/www.ordredesmusiciens.com\/index.php?rest_route=\/wp\/v2\/users\/1"}],"replies":[{"embeddable":true,"href":"https:\/\/www.ordredesmusiciens.com\/index.php?rest_route=%2Fwp%2Fv2%2Fcomments&post=51"}],"version-history":[{"count":1,"href":"https:\/\/www.ordredesmusiciens.com\/index.php?rest_route=\/wp\/v2\/pages\/51\/revisions"}],"predecessor-version":[{"id":52,"href":"https:\/\/www.ordredesmusiciens.com\/index.php?rest_route=\/wp\/v2\/pages\/51\/revisions\/52"}],"wp:attachment":[{"href":"https:\/\/www.ordredesmusiciens.com\/index.php?rest_route=%2Fwp%2Fv2%2Fmedia&parent=51"}],"curies":[{"name":"wp","href":"https:\/\/api.w.org\/{rel}","templated":true}]}}