{"id":36,"date":"2016-11-20T17:36:11","date_gmt":"2016-11-20T16:36:11","guid":{"rendered":"http:\/\/www.ordredesmusiciens.com\/?page_id=36"},"modified":"2025-01-12T17:37:38","modified_gmt":"2025-01-12T16:37:38","slug":"adhesion","status":"publish","type":"page","link":"https:\/\/www.ordredesmusiciens.com\/?page_id=36","title":{"rendered":"Adh\u00e9sion"},"content":{"rendered":"<div class=\"post-excerpt\">\n<p>Demande d&rsquo;adh\u00e9sion pour l&rsquo;obtention du titre de \u00ab\u00a0Membre titulaire\u00a0\u00bb<\/p>\n<\/div>\n<div class=\"post-content\">\n<p>Pour toute demande d&rsquo;adh\u00e9sion, veuillez imprimer et remplir ce formulaire. Merci de signer et de renvoyer \u00e0 l&rsquo;adresse indiqu\u00e9e.<br \/>\n<strong>NOM:_____________________________<br \/>\nPr\u00e9nom:___________________________<\/strong><\/p>\n<p>Adresse:____________________________________________________________<br \/>\nCode Postal:________________ Ville:_____________________________________<\/p>\n<p>T\u00e9l. domicile:________________________ Portable:_________________________<br \/>\ne-mail:______________________________________________________________<\/p>\n<p>Date de naissance:_____________ Lieu de naissance:_______________________<\/p>\n<p><strong>Nationalit\u00e9<\/strong>:________________________________<\/p>\n<p><strong>Dipl\u00f4mes et r\u00e9f\u00e9rences<\/strong>:________________________________________________<br \/>\n____________________________________________________________________<br \/>\n____________________________________________________________________<br \/>\n____________________________________________________________________<\/p>\n<p><strong>Disciplines pour lesquelles vous postulez<\/strong>:<br \/>\n<strong>O Instrumentiste\u00a0\u00a0\u00a0\u00a0\u00a0\u00a0\u00a0 \u00a0 \u00a0 \u00a0 \u00a0\u00a0\u00a0\u00a0 O Chanteur\u00a0\u00a0\u00a0\u00a0\u00a0\u00a0 \u00a0\u00a0 \u00a0\u00a0\u00a0\u00a0 O Compositeur<\/strong><br \/>\n<strong>O Chef d&rsquo;orchestre\u00a0\u00a0\u00a0\u00a0\u00a0\u00a0\u00a0 \u00a0 \u00a0\u00a0\u00a0\u00a0 O Professeur de ________________________________<\/strong><br \/>\n<strong>O Autre (pr\u00e9cisez):____________________________________________________<br \/>\n<\/strong><br \/>\n<strong>Votre statut professionnel<\/strong>:<br \/>\n<strong>O Statut Priv\u00e9\u00a0\u00a0\u00a0\u00a0\u00a0\u00a0\u00a0\u00a0\u00a0\u00a0\u00a0 \u00a0 \u00a0 \u00a0 \u00a0\u00a0\u00a0 \u00a0 O Intermittent<\/strong><br \/>\n<strong>O Fonctionnaire\u00a0\u00a0\u00a0\u00a0\u00a0\u00a0\u00a0\u00a0\u00a0\u00a0\u00a0 \u00a0 \u00a0 \u00a0 \u00a0\u00a0 Cadre d&#8217;emploi<\/strong>:_________________________________<br \/>\n<strong>O Contractuel \/ Vacataire \u00a0 Cadre d&#8217;emploi<\/strong>:_________________________________<br \/>\n<strong>O Autre\u00a0\u00a0\u00a0\u00a0\u00a0\u00a0\u00a0\u00a0\u00a0\u00a0\u00a0\u00a0\u00a0\u00a0\u00a0\u00a0\u00a0 \u00a0 \u00a0 \u00a0 \u00a0 \u00a0\u00a0 \u00a0 \u00a0\u00a0 \u00a0 Pr\u00e9cisez<\/strong>:______________________________________<\/p>\n<p><strong>Nom et adresse de l&rsquo;\u00e9tablissement ou institution o\u00f9 vous exercez vos fonctions:<\/strong><br \/>\n____________________________________________________________________<br \/>\n____________________________________________________________________<\/p>\n<p>Tarifs: O retrait\u00e9: 30\u20ac\u00a0 \u00a0 \u00a0 \u00a0 \u00a0O actif: 50\u20ac<\/p>\n<p><strong>Je soussign\u00e9,\u00a0\u00a0\u00a0\u00a0\u00a0\u00a0\u00a0\u00a0\u00a0\u00a0\u00a0\u00a0\u00a0\u00a0\u00a0\u00a0\u00a0\u00a0\u00a0 \u00a0\u00a0 \u00a0\u00a0 \u00a0 \u00a0 \u00a0 \u00a0 \u00a0 \u00a0 \u00a0 \u00a0 \u00a0\u00a0 \u00a0\u00a0\u00a0\u00a0 postulant \u00e0 l&rsquo;Ordre National des Musiciens,<\/strong><br \/>\n<strong>certifie sur l&rsquo;honneur l&rsquo;exactitude des renseignements mentionn\u00e9s ci-dessus.<\/strong><\/p>\n<p><strong>\u00a0 \u00a0 \u00a0 \u00a0 \u00a0\u00a0 \u00a0\u00a0\u00a0 Fait \u00e0\u00a0\u00a0\u00a0\u00a0\u00a0\u00a0\u00a0 \u00a0 \u00a0 \u00a0 \u00a0 \u00a0 \u00a0 \u00a0 \u00a0 \u00a0 \u00a0 \u00a0 \u00a0\u00a0\u00a0\u00a0\u00a0\u00a0\u00a0\u00a0\u00a0\u00a0\u00a0 le \u00a0 \u00a0\u00a0 \u00a0\u00a0 \/\u00a0\u00a0 \u00a0 \u00a0 \u00a0 \/<\/strong><br \/>\n<strong>\u00a0\u00a0\u00a0\u00a0\u00a0\u00a0\u00a0\u00a0\u00a0\u00a0\u00a0\u00a0\u00a0\u00a0\u00a0\u00a0\u00a0\u00a0\u00a0\u00a0\u00a0\u00a0\u00a0\u00a0\u00a0\u00a0\u00a0\u00a0\u00a0\u00a0\u00a0\u00a0\u00a0\u00a0\u00a0 \u00a0 \u00a0\u00a0\u00a0 \u00a0 \u00a0 \u00a0 \u00a0 \u00a0 \u00a0 \u00a0\u00a0\u00a0 \u00a0\u00a0\u00a0 \u00a0 Signature<\/strong><\/p>\n<p><strong>\u00e0 renvoyer \u00e0: Ordre des Musiciens &#8211; BP 30413 &#8211; 66334 Cabestany Cedex<\/strong><\/p>\n<p><img loading=\"lazy\" decoding=\"async\" class=\"wp-image-11555 alignleft\" src=\"http:\/\/www.ordredesmusiciens.com\/wp-content\/uploads\/2025\/01\/RIB-OdM_page-0001-283x300.jpg\" alt=\"\" width=\"507\" height=\"537\" srcset=\"https:\/\/www.ordredesmusiciens.com\/wp-content\/uploads\/2025\/01\/RIB-OdM_page-0001-283x300.jpg 283w, https:\/\/www.ordredesmusiciens.com\/wp-content\/uploads\/2025\/01\/RIB-OdM_page-0001-967x1024.jpg 967w, https:\/\/www.ordredesmusiciens.com\/wp-content\/uploads\/2025\/01\/RIB-OdM_page-0001-768x813.jpg 768w, https:\/\/www.ordredesmusiciens.com\/wp-content\/uploads\/2025\/01\/RIB-OdM_page-0001.jpg 1088w\" sizes=\"auto, (max-width: 507px) 100vw, 507px\" \/><\/p>\n<div align=\"center\"><\/div>\n<\/div>\n","protected":false},"excerpt":{"rendered":"<p>Demande d&rsquo;adh\u00e9sion pour l&rsquo;obtention du titre de \u00ab\u00a0Membre titulaire\u00a0\u00bb Pour toute demande d&rsquo;adh\u00e9sion, veuillez imprimer et remplir ce formulaire. Merci<\/p>\n","protected":false},"author":1,"featured_media":0,"parent":0,"menu_order":0,"comment_status":"closed","ping_status":"closed","template":"","meta":{"footnotes":""},"class_list":["post-36","page","type-page","status-publish","hentry"],"_links":{"self":[{"href":"https:\/\/www.ordredesmusiciens.com\/index.php?rest_route=\/wp\/v2\/pages\/36","targetHints":{"allow":["GET"]}}],"collection":[{"href":"https:\/\/www.ordredesmusiciens.com\/index.php?rest_route=\/wp\/v2\/pages"}],"about":[{"href":"https:\/\/www.ordredesmusiciens.com\/index.php?rest_route=\/wp\/v2\/types\/page"}],"author":[{"embeddable":true,"href":"https:\/\/www.ordredesmusiciens.com\/index.php?rest_route=\/wp\/v2\/users\/1"}],"replies":[{"embeddable":true,"href":"https:\/\/www.ordredesmusiciens.com\/index.php?rest_route=%2Fwp%2Fv2%2Fcomments&post=36"}],"version-history":[{"count":11,"href":"https:\/\/www.ordredesmusiciens.com\/index.php?rest_route=\/wp\/v2\/pages\/36\/revisions"}],"predecessor-version":[{"id":11557,"href":"https:\/\/www.ordredesmusiciens.com\/index.php?rest_route=\/wp\/v2\/pages\/36\/revisions\/11557"}],"wp:attachment":[{"href":"https:\/\/www.ordredesmusiciens.com\/index.php?rest_route=%2Fwp%2Fv2%2Fmedia&parent=36"}],"curies":[{"name":"wp","href":"https:\/\/api.w.org\/{rel}","templated":true}]}}