{"id":33,"date":"2016-11-20T17:33:47","date_gmt":"2016-11-20T16:33:47","guid":{"rendered":"http:\/\/www.ordredesmusiciens.com\/?page_id=33"},"modified":"2025-10-26T04:30:10","modified_gmt":"2025-10-26T03:30:10","slug":"comite-dethique","status":"publish","type":"page","link":"https:\/\/www.ordredesmusiciens.com\/?page_id=33","title":{"rendered":"Comit\u00e9 d&rsquo;Honneur"},"content":{"rendered":"<p>Liste nominative des Personnalit\u00e9s qui ont accept\u00e9 d&rsquo;apporter leur soutien \u00e0 l&rsquo;Ordre Des Musiciens<\/p>\n<p><strong>Composition, \u00e9criture<\/strong> : Jacques CASTER\u00c8DE \u2020; Jean-Michel DAMASE \u2020; Pierrette MARI<br \/>\n<strong>Chefs d&rsquo;Orchestre<\/strong> : Georges PR\u00caTRE \u2020; Serge BAUDO<br \/>\n<strong>Orchestre d&rsquo;Harmonie<\/strong>\u00a0: J\u00e9r\u00f4me NAULAIS<br \/>\n<strong>Directeurs d&rsquo;\u00c9tablissements d&rsquo;enseignements artistiques<\/strong>\u00a0: Alain VOIRPY; Catherine BRILLI; Andr\u00e9 GUILBERT<br \/>\n<strong>Chant d&rsquo;Op\u00e9ra<\/strong> : Mady MESPL\u00c9 \u2020<br \/>\n<strong>Chant d&rsquo;Op\u00e9rette<\/strong>\u00a0: Nicole BROISSIN<br \/>\n<strong>Chef de Ch\u0153ur<\/strong>\u00a0: Henri DASSE<br \/>\n<strong>Piano<\/strong> : Dominique MERLET, Bruno RIGUTTO, Caroline SAGEMAN<br \/>\n<strong>Harpe<\/strong>\u00a0: Bernard ANDR\u00c8S<br \/>\nCordes\u00a0: Olivier CHARLIER, violon; Michel MICHALAKAKOS, alto; Rapha\u00ebl PERRAUD, violoncelle; Genevi\u00e8ve CHANUT, guitare<br \/>\n<strong> Bois<\/strong>\u00a0: Pierre-Yves ARTAUD, fl\u00fbte; Pascal SAUMON, hautbois; Philippe CUPER, clarinette; Claude DELANGLE, saxophone<br \/>\n<strong>Cuivres<\/strong> : Guy TOUVRON, trompette \u2020; Herv\u00e9 JOULAIN, cor; Gilles MILLI\u00c8RE, trombone<br \/>\n<strong>Percussion<\/strong>\u00a0: Michel CALS; Jean GEOFFROY<br \/>\n<strong>Jazz<\/strong> : Martial SOLAL \u2020<br \/>\n<strong>Orgue<\/strong> : Herv\u00e9 D\u00c9SARBRE, David CASSAN, Jean-Pierre BASTON<br \/>\n<strong>Accord\u00e9on<\/strong> : Marcel AZZOLA \u2020<br \/>\n<strong>Formation Musicale<\/strong>\u00a0: Jean-Cl\u00e9ment JOLLET; Emmanuel GAULTIER<br \/>\n<strong>Musicologie<\/strong> : G\u00e9rard STRELETSKI \u2020; Fr\u00e9d\u00e9ric ROBERT \u2020<br \/>\n<strong>Danse<\/strong> : Monique LOUDI\u00c8RES; Lionel DELANO\u00cb<br \/>\n<strong>A l&rsquo;origine, le Comit\u00e9 d&rsquo;honneur avait la d\u00e9nomination de Comit\u00e9 National d&rsquo;Ethique et de D\u00e9ontologie. Il avait pour mission d&rsquo;\u00e9mettre des avis lors de commissions extraordinaires sur les aspects suivants de la profession :<\/strong><\/p>\n<ul>\n<li>L&rsquo;enseignement de la musique dans les institutions publiques et le secteur priv\u00e9.<\/li>\n<li>La diffusion musicale en terme d&rsquo;organisation structurelle et de mise en valeur des patrimoines.<\/li>\n<li>Tous sujets n\u00e9cessitant une r\u00e9flexion dans l&rsquo;int\u00e9r\u00eat de la profession et de ses exigences.<\/li>\n<\/ul>\n<p><strong>Ces commissions avaient pour th\u00e8mes :<\/strong><\/p>\n<p>Formation &#8211; Enseignement &#8211; Insertion professionnelle &#8211; Vie des orchestres &#8211; Carri\u00e8re des solistes et chambristes &#8211; Patrimoine &#8211; Cr\u00e9ation &#8211; Diffusion &#8211; Relations entre les amateurs et professionnels<\/p>\n<p>Les personnalit\u00e9s de ce Comit\u00e9 d&rsquo;honneur peuvent naturellement et \u00e0 tout moment exprimer leurs avis sur tous ces sujets en saisissant le Conseil National de l&rsquo;Ordre.<\/p>\n","protected":false},"excerpt":{"rendered":"<p>Liste nominative des Personnalit\u00e9s qui ont accept\u00e9 d&rsquo;apporter leur soutien \u00e0 l&rsquo;Ordre Des Musiciens Composition, \u00e9criture : Jacques CASTER\u00c8DE \u2020;<\/p>\n","protected":false},"author":1,"featured_media":0,"parent":0,"menu_order":0,"comment_status":"closed","ping_status":"closed","template":"","meta":{"footnotes":""},"class_list":["post-33","page","type-page","status-publish","hentry"],"_links":{"self":[{"href":"https:\/\/www.ordredesmusiciens.com\/index.php?rest_route=\/wp\/v2\/pages\/33","targetHints":{"allow":["GET"]}}],"collection":[{"href":"https:\/\/www.ordredesmusiciens.com\/index.php?rest_route=\/wp\/v2\/pages"}],"about":[{"href":"https:\/\/www.ordredesmusiciens.com\/index.php?rest_route=\/wp\/v2\/types\/page"}],"author":[{"embeddable":true,"href":"https:\/\/www.ordredesmusiciens.com\/index.php?rest_route=\/wp\/v2\/users\/1"}],"replies":[{"embeddable":true,"href":"https:\/\/www.ordredesmusiciens.com\/index.php?rest_route=%2Fwp%2Fv2%2Fcomments&post=33"}],"version-history":[{"count":13,"href":"https:\/\/www.ordredesmusiciens.com\/index.php?rest_route=\/wp\/v2\/pages\/33\/revisions"}],"predecessor-version":[{"id":14037,"href":"https:\/\/www.ordredesmusiciens.com\/index.php?rest_route=\/wp\/v2\/pages\/33\/revisions\/14037"}],"wp:attachment":[{"href":"https:\/\/www.ordredesmusiciens.com\/index.php?rest_route=%2Fwp%2Fv2%2Fmedia&parent=33"}],"curies":[{"name":"wp","href":"https:\/\/api.w.org\/{rel}","templated":true}]}}