{"id":29,"date":"2016-11-20T17:24:54","date_gmt":"2016-11-20T16:24:54","guid":{"rendered":"http:\/\/www.ordredesmusiciens.com\/?page_id=29"},"modified":"2024-01-23T18:38:26","modified_gmt":"2024-01-23T17:38:26","slug":"conseil-national","status":"publish","type":"page","link":"https:\/\/www.ordredesmusiciens.com\/?page_id=29","title":{"rendered":"Conseil National"},"content":{"rendered":"<div class=\"post-excerpt\">\n<p>Article 11 : Le Conseil National de l&rsquo;OdM est compos\u00e9 de 9 membres titulaires \u00e9lus par l&rsquo;Assembl\u00e9e G\u00e9n\u00e9rale ordinaire annuelle et de 3 membres honoraires coopt\u00e9s par le Conseil National. La dur\u00e9e des fonctions des membres du Conseil National est de quatre ann\u00e9es.<\/p>\n<\/div>\n<div class=\"post-content\">\n<h2>Membres du Conseil<\/h2>\n<p><strong>Pr\u00e9sident \/ Secr\u00e9taire<\/strong><br \/>\nJean-Bernard HUPMANN<br \/>\nPianiste-concertiste, ancien Directeur du Conservatoire Municipal de Musique agr\u00e9\u00e9e d&rsquo;Ozoir-la-Ferri\u00e8re<\/p>\n<p><strong>Vice-Pr\u00e9sidents<\/strong><br \/>\nBernard DUPAQUIER<br \/>\nDamien TOP<\/p>\n<p><strong>Tr\u00e9sorier<\/strong><br \/>\nPhilippe PRIGNOT<\/p>\n<p><strong>Membres Assesseurs<\/strong> (par ordre alphab\u00e9tique)<br \/>\nAlain CARRE<br \/>\nMarc DONDEYNE<br \/>\nAnne MAGADUR<br \/>\nCatherine MARTINETTI<br \/>\nFr\u00e9d\u00e9ric PELASSY<\/p>\n<\/div>\n","protected":false},"excerpt":{"rendered":"<p>Article 11 : Le Conseil National de l&rsquo;OdM est compos\u00e9 de 9 membres titulaires \u00e9lus par l&rsquo;Assembl\u00e9e G\u00e9n\u00e9rale ordinaire annuelle<\/p>\n","protected":false},"author":1,"featured_media":0,"parent":0,"menu_order":0,"comment_status":"closed","ping_status":"closed","template":"","meta":{"footnotes":""},"class_list":["post-29","page","type-page","status-publish","hentry"],"_links":{"self":[{"href":"https:\/\/www.ordredesmusiciens.com\/index.php?rest_route=\/wp\/v2\/pages\/29","targetHints":{"allow":["GET"]}}],"collection":[{"href":"https:\/\/www.ordredesmusiciens.com\/index.php?rest_route=\/wp\/v2\/pages"}],"about":[{"href":"https:\/\/www.ordredesmusiciens.com\/index.php?rest_route=\/wp\/v2\/types\/page"}],"author":[{"embeddable":true,"href":"https:\/\/www.ordredesmusiciens.com\/index.php?rest_route=\/wp\/v2\/users\/1"}],"replies":[{"embeddable":true,"href":"https:\/\/www.ordredesmusiciens.com\/index.php?rest_route=%2Fwp%2Fv2%2Fcomments&post=29"}],"version-history":[{"count":5,"href":"https:\/\/www.ordredesmusiciens.com\/index.php?rest_route=\/wp\/v2\/pages\/29\/revisions"}],"predecessor-version":[{"id":9263,"href":"https:\/\/www.ordredesmusiciens.com\/index.php?rest_route=\/wp\/v2\/pages\/29\/revisions\/9263"}],"wp:attachment":[{"href":"https:\/\/www.ordredesmusiciens.com\/index.php?rest_route=%2Fwp%2Fv2%2Fmedia&parent=29"}],"curies":[{"name":"wp","href":"https:\/\/api.w.org\/{rel}","templated":true}]}}