{"id":24,"date":"2016-11-20T17:15:25","date_gmt":"2016-11-20T16:15:25","guid":{"rendered":"http:\/\/www.ordredesmusiciens.com\/?page_id=24"},"modified":"2016-11-20T17:15:32","modified_gmt":"2016-11-20T16:15:32","slug":"editorial","status":"publish","type":"page","link":"https:\/\/www.ordredesmusiciens.com\/?page_id=24","title":{"rendered":"\u00c9ditorial"},"content":{"rendered":"<p style=\"text-align: justify;\">Afin d\u2019affirmer la philosophie de l\u2019Ordre des Musiciens et rendre ses missions plus lisibles, des d\u00e9cisions significatives ont \u00e9t\u00e9 act\u00e9es au cours de la derni\u00e8re Assembl\u00e9e G\u00e9n\u00e9rale.<\/p>\n<p style=\"text-align: justify;\">\u00c0 cet \u00e9gard, il n\u2019est pas vain de rappeler que l\u2019Association a \u00e9t\u00e9 d\u00e9clar\u00e9e au Journal Officiel le 15 Juin 1945 par son Pr\u00e9sident-Fondateur Claude Delvincourt, 1\u00b0 Grand Prix de Rome et Directeur du Conservatoire de Paris, sous la d\u00e9nomination sociale\u00a0\u00ab\u00a0Ordre des Musiciens\u00a0\u00bb. Apr\u00e8s un long cheminement au service des musiciens, en 1983, le Pr\u00e9sident Andr\u00e9 Amell\u00e9r propose de modifier la d\u00e9nomination sociale pour devenir\u00a0\u00ab\u00a0Ordre National des Musiciens\u00a0\u00bb. L\u2019Assembl\u00e9e G\u00e9n\u00e9rale organis\u00e9e \u00e0 cet effet a vot\u00e9 et valid\u00e9 ce changement. D\u2019apr\u00e8s plusieurs t\u00e9moignages, il semble que ce choix aurait \u00e9t\u00e9 motiv\u00e9 par une volont\u00e9 collective voulant cr\u00e9diter l\u2019Association d\u2019une audience plus forte.<\/p>\n<p style=\"text-align: justify;\">\n<p style=\"text-align: justify;\">H\u00e9las, depuis quelques temps, cette d\u00e9nomination sociale a fait l\u2019objet d\u2019amalgames regrettables, alors que l\u2019Association n\u2019a aucune connotation politique et qu\u2019elle exerce ses activit\u00e9s dans une stricte neutralit\u00e9 d\u2019opinions et de pens\u00e9es. Au regard de ce constat, et afin de se pr\u00e9munir \u00e0 l\u2019\u00e9gard d\u2019opinions pr\u00e9con\u00e7ues et injustes, il a \u00e9t\u00e9 d\u00e9cid\u00e9 en 2015 par un vote \u00e0 l\u2019Assembl\u00e9e G\u00e9n\u00e9rale Extraordinaire, de rendre \u00e0 l\u2019Institution sa d\u00e9nomination sociale d\u2019origine\u00a0\u00ab\u00a0Ordre des Musiciens\u00a0\u00bb.<\/p>\n<p style=\"text-align: justify;\">Une autre d\u00e9cision, tout aussi utile, a \u00e9t\u00e9 act\u00e9e avec l\u2019ouverture d\u2019une page Facebook sur les r\u00e9seaux sociaux. Malgr\u00e9 une certaine appr\u00e9hension, une nouvelle \u00e9tape a \u00e9t\u00e9 franchie avec l\u2019aide d\u2019un professionnel de l\u2019informatique afin de garantir \u00e0 ce dispositif un usage s\u00e9curis\u00e9. D\u00e9sormais, les musiciens abonn\u00e9s \u00e0 Facebook pourront partager des commentaires ou des informations concernant la vie musicale en g\u00e9n\u00e9ral, ou leurs activit\u00e9s respectives.<\/p>\n<p style=\"text-align: justify;\">Pour m\u00e9moire, rappelons qu\u2019\u00e0 l\u2019origine l\u2019Ordre des Musiciens avait pour mission de cr\u00e9er du lien entre les professeurs de musique, afin d\u2019harmoniser des objectifs p\u00e9dagogiques et de faire reconna\u00eetre leurs comp\u00e9tences.<\/p>\n<p style=\"text-align: justify;\">Aujourd\u2019hui, l\u2019Association a la volont\u00e9 de rassembler les acteurs de la vie musicale, dont les t\u00e9moignages et l\u2019exp\u00e9rience peuvent contribuer \u00e0 une meilleure organisation et un plus grand respect de nos professions.<\/p>\n","protected":false},"excerpt":{"rendered":"<p>Afin d\u2019affirmer la philosophie de l\u2019Ordre des Musiciens et rendre ses missions plus lisibles, des d\u00e9cisions significatives ont \u00e9t\u00e9 act\u00e9es<\/p>\n","protected":false},"author":1,"featured_media":0,"parent":0,"menu_order":0,"comment_status":"closed","ping_status":"closed","template":"","meta":{"footnotes":""},"class_list":["post-24","page","type-page","status-publish","hentry"],"_links":{"self":[{"href":"https:\/\/www.ordredesmusiciens.com\/index.php?rest_route=\/wp\/v2\/pages\/24","targetHints":{"allow":["GET"]}}],"collection":[{"href":"https:\/\/www.ordredesmusiciens.com\/index.php?rest_route=\/wp\/v2\/pages"}],"about":[{"href":"https:\/\/www.ordredesmusiciens.com\/index.php?rest_route=\/wp\/v2\/types\/page"}],"author":[{"embeddable":true,"href":"https:\/\/www.ordredesmusiciens.com\/index.php?rest_route=\/wp\/v2\/users\/1"}],"replies":[{"embeddable":true,"href":"https:\/\/www.ordredesmusiciens.com\/index.php?rest_route=%2Fwp%2Fv2%2Fcomments&post=24"}],"version-history":[{"count":2,"href":"https:\/\/www.ordredesmusiciens.com\/index.php?rest_route=\/wp\/v2\/pages\/24\/revisions"}],"predecessor-version":[{"id":26,"href":"https:\/\/www.ordredesmusiciens.com\/index.php?rest_route=\/wp\/v2\/pages\/24\/revisions\/26"}],"wp:attachment":[{"href":"https:\/\/www.ordredesmusiciens.com\/index.php?rest_route=%2Fwp%2Fv2%2Fmedia&parent=24"}],"curies":[{"name":"wp","href":"https:\/\/api.w.org\/{rel}","templated":true}]}}