{"id":13526,"date":"2025-08-12T17:22:57","date_gmt":"2025-08-12T16:22:57","guid":{"rendered":"https:\/\/www.ordredesmusiciens.com\/?page_id=13526"},"modified":"2025-08-12T17:31:03","modified_gmt":"2025-08-12T16:31:03","slug":"monde-associatif","status":"publish","type":"page","link":"https:\/\/www.ordredesmusiciens.com\/?page_id=13526","title":{"rendered":"Monde associatif"},"content":{"rendered":"<p>Cette page est d\u00e9di\u00e9e \u00e0 toutes associations qui \u0153uvrent au service de la musique et des compositeurs.<\/p>\n<div role=\"form\" class=\"wpcf7\" id=\"wpcf7-f70-o1\" lang=\"fr-FR\" dir=\"ltr\">\n<div class=\"screen-reader-response\"><\/div>\n<form action=\"\/index.php?rest_route=%2Fwp%2Fv2%2Fpages%2F13526#wpcf7-f70-o1\" method=\"post\" class=\"wpcf7-form\" enctype=\"multipart\/form-data\" novalidate=\"novalidate\">\n<div style=\"display: none;\">\n<input type=\"hidden\" name=\"_wpcf7\" value=\"70\" \/>\n<input type=\"hidden\" name=\"_wpcf7_version\" value=\"5.1.6\" \/>\n<input type=\"hidden\" name=\"_wpcf7_locale\" value=\"fr_FR\" \/>\n<input type=\"hidden\" name=\"_wpcf7_unit_tag\" value=\"wpcf7-f70-o1\" \/>\n<input type=\"hidden\" name=\"_wpcf7_container_post\" value=\"0\" \/>\n<\/div>\n<p><label> Pr\u00e9nom et nom (obligatoire)<br \/>\n    <span class=\"wpcf7-form-control-wrap your-name\"><input type=\"text\" name=\"your-name\" value=\"\" size=\"40\" class=\"wpcf7-form-control wpcf7-text wpcf7-validates-as-required\" aria-required=\"true\" aria-invalid=\"false\" \/><\/span> <\/label><\/p>\n<p><label> E-mail (obligatoire)<br \/>\n    <span class=\"wpcf7-form-control-wrap your-email\"><input type=\"email\" name=\"your-email\" value=\"\" size=\"40\" class=\"wpcf7-form-control wpcf7-text wpcf7-email wpcf7-validates-as-required wpcf7-validates-as-email\" aria-required=\"true\" aria-invalid=\"false\" \/><\/span> <\/label><\/p>\n<p><label> N\u00b0 de t\u00e9l\u00e9phone<br \/>\n    <span class=\"wpcf7-form-control-wrap your-tel\"><input type=\"tel\" name=\"your-tel\" value=\"\" size=\"40\" class=\"wpcf7-form-control wpcf7-text wpcf7-tel wpcf7-validates-as-tel\" aria-invalid=\"false\" \/><\/span> <\/label><\/p>\n<p><label> Sujet<br \/>\n    <span class=\"wpcf7-form-control-wrap your-subject\"><input type=\"text\" name=\"your-subject\" value=\"\" size=\"40\" class=\"wpcf7-form-control wpcf7-text\" aria-invalid=\"false\" \/><\/span> <\/label><\/p>\n<p><label> Fichier (optionnel)<span class=\"wpcf7-form-control-wrap file-759\"><input type=\"file\" name=\"file-759\" size=\"40\" class=\"wpcf7-form-control wpcf7-file\" accept=\".jpg,.png,.doc,.docx,.pdf\" aria-invalid=\"false\" \/><\/span><\/label><\/p>\n<p><label> Votre message<br \/>\n    <span class=\"wpcf7-form-control-wrap your-message\"><textarea name=\"your-message\" cols=\"40\" rows=\"10\" class=\"wpcf7-form-control wpcf7-textarea\" aria-invalid=\"false\"><\/textarea><\/span> <\/label><\/p>\n<p><input type=\"submit\" value=\"Envoyer\" class=\"wpcf7-form-control wpcf7-submit\" \/><\/p>\n<div class=\"wpcf7-response-output wpcf7-display-none\"><\/div><\/form><\/div>\n","protected":false},"excerpt":{"rendered":"<p>Cette page est d\u00e9di\u00e9e \u00e0 toutes associations qui \u0153uvrent au service de la musique et des compositeurs.<\/p>\n","protected":false},"author":3,"featured_media":0,"parent":0,"menu_order":0,"comment_status":"closed","ping_status":"closed","template":"","meta":{"footnotes":""},"class_list":["post-13526","page","type-page","status-publish","hentry"],"_links":{"self":[{"href":"https:\/\/www.ordredesmusiciens.com\/index.php?rest_route=\/wp\/v2\/pages\/13526","targetHints":{"allow":["GET"]}}],"collection":[{"href":"https:\/\/www.ordredesmusiciens.com\/index.php?rest_route=\/wp\/v2\/pages"}],"about":[{"href":"https:\/\/www.ordredesmusiciens.com\/index.php?rest_route=\/wp\/v2\/types\/page"}],"author":[{"embeddable":true,"href":"https:\/\/www.ordredesmusiciens.com\/index.php?rest_route=\/wp\/v2\/users\/3"}],"replies":[{"embeddable":true,"href":"https:\/\/www.ordredesmusiciens.com\/index.php?rest_route=%2Fwp%2Fv2%2Fcomments&post=13526"}],"version-history":[{"count":2,"href":"https:\/\/www.ordredesmusiciens.com\/index.php?rest_route=\/wp\/v2\/pages\/13526\/revisions"}],"predecessor-version":[{"id":13529,"href":"https:\/\/www.ordredesmusiciens.com\/index.php?rest_route=\/wp\/v2\/pages\/13526\/revisions\/13529"}],"wp:attachment":[{"href":"https:\/\/www.ordredesmusiciens.com\/index.php?rest_route=%2Fwp%2Fv2%2Fmedia&parent=13526"}],"curies":[{"name":"wp","href":"https:\/\/api.w.org\/{rel}","templated":true}]}}