{"id":10950,"date":"2024-11-01T16:39:37","date_gmt":"2024-11-01T15:39:37","guid":{"rendered":"https:\/\/www.ordredesmusiciens.com\/?page_id=10950"},"modified":"2024-11-01T16:39:37","modified_gmt":"2024-11-01T15:39:37","slug":"offres-demplois","status":"publish","type":"page","link":"https:\/\/www.ordredesmusiciens.com\/?page_id=10950","title":{"rendered":"Offres d&rsquo;Emplois"},"content":{"rendered":"<p>Cher(e)s ami(e)s musiciens(ennes),<br \/>\nVous cherchez un emploi de professeur dans les structures qui rel\u00e8vent de la Fonction Publique Territoriale,<br \/>\nvous trouverez toutes les offres actuelles sur le site de la F\u00e9d\u00e9ration Nationale des Centres de Gestion de la Fonction Publique Territoriale.<br \/>\nCliquez sur l&rsquo;onglet Bourse de l&#8217;emploi puis sur le lien en rouge en bas de la page:\u00a0<a href=\"https:\/\/www.emploi-territorial.fr\/accueil\/\" target=\"_blank\" rel=\"noopener noreferrer\" data-saferedirecturl=\"https:\/\/www.google.com\/url?q=https:\/\/www.emploi-territorial.fr\/accueil\/&amp;source=gmail&amp;ust=1730559612801000&amp;usg=AOvVaw1aMvwOnh1UE0iJbt4roJi7\">https:\/\/www.emploi-territorial<wbr \/>.fr\/accueil\/<\/a><br \/>\nUne nouvelle page s&rsquo;ouvre: les employeurs territoriaux recrutent, Le Portail de l&rsquo;Emploi des Centres de Gestion de la Fonction Publique Territoriale et du CNFPT, puis cliquez sur le bouton VOIR LES OFFRES ou r\u00e9partition des offres par fili\u00e8re: sur le cercle jaune \u00e0 droite de la carte de France: fili\u00e8re Culturelle.<br \/>\nToutes les offres s&rsquo;affichent \u00e0 l&rsquo;\u00e9cran.<br \/>\nBonne recherche \u00e0 toutes et \u00e0 tous.<\/p>\n","protected":false},"excerpt":{"rendered":"<p>Cher(e)s ami(e)s musiciens(ennes), Vous cherchez un emploi de professeur dans les structures qui rel\u00e8vent de la Fonction Publique Territoriale, vous<\/p>\n","protected":false},"author":3,"featured_media":0,"parent":0,"menu_order":0,"comment_status":"closed","ping_status":"closed","template":"","meta":{"footnotes":""},"class_list":["post-10950","page","type-page","status-publish","hentry"],"_links":{"self":[{"href":"https:\/\/www.ordredesmusiciens.com\/index.php?rest_route=\/wp\/v2\/pages\/10950","targetHints":{"allow":["GET"]}}],"collection":[{"href":"https:\/\/www.ordredesmusiciens.com\/index.php?rest_route=\/wp\/v2\/pages"}],"about":[{"href":"https:\/\/www.ordredesmusiciens.com\/index.php?rest_route=\/wp\/v2\/types\/page"}],"author":[{"embeddable":true,"href":"https:\/\/www.ordredesmusiciens.com\/index.php?rest_route=\/wp\/v2\/users\/3"}],"replies":[{"embeddable":true,"href":"https:\/\/www.ordredesmusiciens.com\/index.php?rest_route=%2Fwp%2Fv2%2Fcomments&post=10950"}],"version-history":[{"count":2,"href":"https:\/\/www.ordredesmusiciens.com\/index.php?rest_route=\/wp\/v2\/pages\/10950\/revisions"}],"predecessor-version":[{"id":10952,"href":"https:\/\/www.ordredesmusiciens.com\/index.php?rest_route=\/wp\/v2\/pages\/10950\/revisions\/10952"}],"wp:attachment":[{"href":"https:\/\/www.ordredesmusiciens.com\/index.php?rest_route=%2Fwp%2Fv2%2Fmedia&parent=10950"}],"curies":[{"name":"wp","href":"https:\/\/api.w.org\/{rel}","templated":true}]}}